{"id":2,"date":"2019-01-13T11:48:59","date_gmt":"2019-01-13T10:48:59","guid":{"rendered":"http:\/\/www.przesylkikonduktorskie.pl\/?page_id=2"},"modified":"2025-10-03T14:15:14","modified_gmt":"2025-10-03T12:15:14","slug":"przykladowa-strona","status":"publish","type":"page","link":"https:\/\/www.przesylkikonduktorskie.pl\/","title":{"rendered":"Przesy\u0142ki Konduktorskie \u2013 odbi\u00f3r i nadawanie Warszawa"},"content":{"rendered":"\n<h2>Telefon: <a href=\"tel:797 540 017\">797 540 017<\/a><\/h2>\n\n<p>Odbi\u00f3r przesy\u0142ek konduktorskich z dworc\u00f3w: <strong>Warszawa Centralna<\/strong>, <strong>Warszawa Zachodnia<\/strong>, <strong>Warszawa Wschodnia<\/strong>, <strong>Warszawa \u015ar\u00f3dmie\u015bcie<\/strong>, <strong>Warszawa Gda\u0144ska<\/strong>.<\/p>\n\n<p>Dostarczenie przesy\u0142ek konduktorskich na dworce: <strong>Warszawa Centralna<\/strong>, <strong>Warszawa Zachodnia<\/strong>, <strong>Warszawa Wschodnia<\/strong>, <strong>Warszawa \u015ar\u00f3dmie\u015bcie<\/strong>, <strong>Warszawa Gda\u0144ska<\/strong>.<\/p>\n \n<p>\nOdbi\u00f3r przesy\u0142ki konduktorskiej z poci\u0105gu i dostarczenie pod wskazany adres.\n<\/p>\n<p><b>Istnieje mo\u017cliwo\u015b\u0107 nadania przesy\u0142ki z miejscowo\u015bci, w kt\u00f3rej nie ma bezpo\u015bredniego po\u0142\u0105czenia kolejowego do miejscowo\u015bci odbiorcy. W takim przypadku przesy\u0142ka mo\u017ce by\u0107 przetransportowana z przesiadk\u0105 w Warszawie.<\/b> Jest to doskona\u0142e rozwi\u0105zanie dla os\u00f3b z miast, kt\u00f3re nie maj\u0105 bezpo\u015bredniego po\u0142\u0105czenia z miejscowo\u015bci\u0105 odbiorcy. Przyk\u0142adowo, nadanie przesy\u0142ki w mie\u015bcie A, nast\u0119pnie przew\u00f3z przez Warszaw\u0119, a finalnie dostarczenie do miasta B.<\/p> \n<p>Naszymi klientami s\u0105 osoby z ca\u0142ej Polski, kt\u00f3re pilnie! potrzebuj\u0105 dostarczy\u0107 przesy\u0142k\u0119 do Warszawy i okolic. Np.  dokumenty do urz\u0119du, ministerstwa, firmy czy osoby prywatnej na terenie lub cz\u0119\u015bci samochodowe, klucze itp&#8230;<\/p>\n\n<h2>Jakie najcz\u0119\u015bciej przesy\u0142ki konduktorskie s\u0105 przez nas  odbierane i dostarczane pod wskazany adres w Warszawie:<\/h2>\n\n<ul>\n  <li>pisma urz\u0119dowe<\/li>\n  <li>pisma administracyjne<\/li>\n  <li>dokumenty<\/li>\n  <li>materia\u0142y reklamowe<\/li>\n  <li>umowy<\/li>\n  <li>cz\u0119\u015bci do urz\u0105dze\u0144<\/li>\n  <li>cz\u0119\u015bci do maszyn<\/li>\n  <li>cz\u0119\u015bci samochodowe<\/li>\n  <li>Akcesoria<\/li>\n<\/ul>\n\n<p><strong>Wszystko co pilnie musi zosta\u0107 dostarczone do Warszawy lub wys\u0142ane z Warszawy do dowolnego miejsca w Polsce<\/strong>.<\/p>\n\n<h2>Jak odebra\u0107 przesy\u0142k\u0119 konduktorsk\u0105:<\/h2>\n\n<p>Na terenie Warszawy i okolic wystarczy zadzwoni\u0107 na nr telefonu <a href=\"tel:797 540 017\">797 540 017<\/a> zam\u00f3wi\u0107 kuriera, kt\u00f3ry odbierze przesy\u0142k\u0119 konduktorsk\u0105 ze wskazanego poci\u0105gu.<\/p>\n \n<h2>Jak nada\u0107 przesy\u0142k\u0119 konduktorsk\u0105:<\/h2>\n<ol>\n  <li>Przygotuj paczk\u0119 o wadze do 12 kg i maksymalnych wymiarach: 20 x 40 x 50 cm, w przypadku rulonu: do 150 x 20 cm \u015brednicy,<\/li>\n  <li>oznaczy\u0107 paczk\u0119 imieniem i nazwiskiem lub nazw\u0105 firmy oraz adresem i numerem telefonu &#8211; zar\u00f3wno nadawcy jak i odbiorcy, nazw\u0105 stacji nadania i przeznaczenia, a ponadto wskaza\u0107 zawarto\u015b\u0107 i okre\u015bli\u0107 warto\u015b\u0107 przesy\u0142ki.<\/li>\n<\/ol>\n<p><strong>Na terenie Warszawy i okolic wystarczy zadzwoni\u0107 pod nr telefonu <a href=\"tel:797 540 017\">797 540 017<\/a> zam\u00f3wi\u0107 kuriera, kt\u00f3ry dowiezie przesy\u0142k\u0119 na wskazany poci\u0105g<\/strong>.<\/p>\n<p>Przesy\u0142k\u0119 musimy dostarczy\u0107 bezpo\u015brednio do kierownika poci\u0105gu podczas postoju na stacji, a ich przew\u00f3z odbywa si\u0119 w przedziale s\u0142u\u017cbowym. Mo\u017cna r\u00f3wnie\u017c za dodatkow\u0105 op\u0142at\u0105 dostarczy\u0107 do punktu przyj\u0119cia przesy\u0142ek konduktorskich na wybranych stacjach.<\/p>\n \n<p>Koszt przewozu przesy\u0142ki standardowej wynosi &#8211; niezale\u017cnie od odleg\u0142o\u015bci &#8211; 50 z\u0142.<\/p>\n\n<p>Koszt za przew\u00f3z przesy\u0142ki ponadgabarytowej wynosi &#8211; niezale\u017cnie od odleg\u0142o\u015bci &#8211; 80 z\u0142.<\/p>\n\n<p>Szczeg\u00f3\u0142owe informacj\u0119 na stronie: intercity.pl<\/p>\n\n<h3>US\u0141UGA PRZESY\u0141KI KONDUKTORSKIEJ TO NAJSZYBSZA MO\u017bLIWO\u015a\u0106 DOSTARCZENIA PACZKI DO INNEGO MIASTA NA TERENIE POLSKI.<\/h3>\n","protected":false},"excerpt":{"rendered":"<p>Telefon: 797 540 017 Odbi\u00f3r przesy\u0142ek konduktorskich z dworc\u00f3w: Warszawa Centralna, Warszawa Zachodnia, Warszawa Wschodnia, Warszawa \u015ar\u00f3dmie\u015bcie, Warszawa Gda\u0144ska. Dostarczenie przesy\u0142ek konduktorskich na dworce: Warszawa Centralna, Warszawa Zachodnia, Warszawa Wschodnia, Warszawa \u015ar\u00f3dmie\u015bcie, Warszawa Gda\u0144ska. Odbi\u00f3r przesy\u0142ki konduktorskiej z poci\u0105gu i dostarczenie pod wskazany adres. Istnieje mo\u017cliwo\u015b\u0107 nadania przesy\u0142ki z miejscowo\u015bci, w kt\u00f3rej nie ma bezpo\u015bredniego [&hellip;]<\/p>\n","protected":false},"author":1,"featured_media":0,"parent":0,"menu_order":0,"comment_status":"closed","ping_status":"open","template":"","meta":{"footnotes":""},"class_list":["post-2","page","type-page","status-publish","hentry"],"_links":{"self":[{"href":"https:\/\/www.przesylkikonduktorskie.pl\/index.php\/wp-json\/wp\/v2\/pages\/2","targetHints":{"allow":["GET"]}}],"collection":[{"href":"https:\/\/www.przesylkikonduktorskie.pl\/index.php\/wp-json\/wp\/v2\/pages"}],"about":[{"href":"https:\/\/www.przesylkikonduktorskie.pl\/index.php\/wp-json\/wp\/v2\/types\/page"}],"author":[{"embeddable":true,"href":"https:\/\/www.przesylkikonduktorskie.pl\/index.php\/wp-json\/wp\/v2\/users\/1"}],"replies":[{"embeddable":true,"href":"https:\/\/www.przesylkikonduktorskie.pl\/index.php\/wp-json\/wp\/v2\/comments?post=2"}],"version-history":[{"count":23,"href":"https:\/\/www.przesylkikonduktorskie.pl\/index.php\/wp-json\/wp\/v2\/pages\/2\/revisions"}],"predecessor-version":[{"id":67,"href":"https:\/\/www.przesylkikonduktorskie.pl\/index.php\/wp-json\/wp\/v2\/pages\/2\/revisions\/67"}],"wp:attachment":[{"href":"https:\/\/www.przesylkikonduktorskie.pl\/index.php\/wp-json\/wp\/v2\/media?parent=2"}],"curies":[{"name":"wp","href":"https:\/\/api.w.org\/{rel}","templated":true}]}}